{"id":16285,"date":"2025-08-27T20:31:20","date_gmt":"2025-08-27T20:31:20","guid":{"rendered":"https:\/\/pompom.dog\/?post_type=product&#038;p=16285"},"modified":"2026-01-07T11:49:54","modified_gmt":"2026-01-07T10:49:54","slug":"puszorki-black-molet","status":"publish","type":"product","link":"https:\/\/pompom.dog\/en\/product\/puszorki-black-molet\/","title":{"rendered":"Puszorki Black Molet"},"content":{"rendered":"<p><strong>Puszorki Black Molet<\/strong><\/p>\n<p>Czarny 100\/002<\/p>\n<p>Puszorki z perforowanej eko-sk\u00f3ry. Materia\u0142 \u0142atwy w czyszczeniu. Metalowe okucia. Pe\u0142na regulacja.<\/p>\n<p>&nbsp;<\/p>\n<p><strong>SK\u0141AD:<\/strong><\/p>\n<p>G\u0141\u00d3WNA TKANINA<br \/>\n100% poliuretan<\/p>\n<p>DODATKOWA TKANINA<br \/>\n100% bawe\u0142na<\/p>\n","protected":false},"excerpt":{"rendered":"<p>Puszorki Black Molet Czarny 100\/002 Puszorki z perforowanej eko-sk\u00f3ry. Materia\u0142 \u0142atwy w czyszczeniu. Metalowe okucia. Pe\u0142na regulacja. &nbsp; SK\u0141AD: G\u0141\u00d3WNA TKANINA 100% poliuretan DODATKOWA TKANINA 100% bawe\u0142na<\/p>\n","protected":false},"featured_media":32252,"comment_status":"closed","ping_status":"closed","template":"","meta":[],"product_brand":[],"product_cat":[342,343],"product_tag":[],"class_list":{"0":"post-16285","1":"product","2":"type-product","3":"status-publish","4":"has-post-thumbnail","6":"product_cat-akcesoria-dla-psa","7":"product_cat-szelki-dla-psa","8":"pa_kolor-black","9":"pa_kolor-white","10":"pa_rozmiar-m","11":"pa_rozmiar-s","12":"pa_rozmiar-xl","14":"first","15":"instock","16":"taxable","17":"shipping-taxable","18":"purchasable","19":"product-type-variable"},"_links":{"self":[{"href":"https:\/\/pompom.dog\/en\/wp-json\/wp\/v2\/product\/16285","targetHints":{"allow":["GET"]}}],"collection":[{"href":"https:\/\/pompom.dog\/en\/wp-json\/wp\/v2\/product"}],"about":[{"href":"https:\/\/pompom.dog\/en\/wp-json\/wp\/v2\/types\/product"}],"replies":[{"embeddable":true,"href":"https:\/\/pompom.dog\/en\/wp-json\/wp\/v2\/comments?post=16285"}],"wp:featuredmedia":[{"embeddable":true,"href":"https:\/\/pompom.dog\/en\/wp-json\/wp\/v2\/media\/32252"}],"wp:attachment":[{"href":"https:\/\/pompom.dog\/en\/wp-json\/wp\/v2\/media?parent=16285"}],"wp:term":[{"taxonomy":"product_brand","embeddable":true,"href":"https:\/\/pompom.dog\/en\/wp-json\/wp\/v2\/product_brand?post=16285"},{"taxonomy":"product_cat","embeddable":true,"href":"https:\/\/pompom.dog\/en\/wp-json\/wp\/v2\/product_cat?post=16285"},{"taxonomy":"product_tag","embeddable":true,"href":"https:\/\/pompom.dog\/en\/wp-json\/wp\/v2\/product_tag?post=16285"}],"curies":[{"name":"wp","href":"https:\/\/api.w.org\/{rel}","templated":true}]}}