{"id":16295,"date":"2025-08-27T20:31:21","date_gmt":"2025-08-27T20:31:21","guid":{"rendered":"https:\/\/pompom.dog\/?post_type=product&#038;p=16295"},"modified":"2025-09-08T18:40:17","modified_gmt":"2025-09-08T18:40:17","slug":"kamizelka-lime-diamond","status":"publish","type":"product","link":"https:\/\/pompom.dog\/en\/product\/kamizelka-lime-diamond\/","title":{"rendered":"Kamizelka Lime Diamond"},"content":{"rendered":"<p><strong>Kamizelka Lime Diamond<\/strong><\/p>\n<p>Limonkowy 010\/006<\/p>\n<p>Kamizelka z pikowanej eko-sk\u00f3ry. Materia\u0142 \u0142atwy w czyszczeniu. Metalowe okucia. Zapinana na rzep i tr\u00f3jz\u0105b. Podw\u00f3jna ochrona.<\/p>\n<p>&nbsp;<\/p>\n<p><strong>SK\u0141AD:<\/strong><\/p>\n<p>G\u0141\u00d3WNA TKANINA<br \/>\n100% bawe\u0142na<\/p>\n<p>DODATKOWA TKANINA<br \/>\n100% poliester<\/p>\n","protected":false},"excerpt":{"rendered":"<p>Kamizelka Lime Diamond Limonkowy 010\/006 Kamizelka z pikowanej eko-sk\u00f3ry. Materia\u0142 \u0142atwy w czyszczeniu. Metalowe okucia. Zapinana na rzep i tr\u00f3jz\u0105b. Podw\u00f3jna ochrona. &nbsp; SK\u0141AD: G\u0141\u00d3WNA TKANINA 100% bawe\u0142na DODATKOWA TKANINA 100% poliester<\/p>\n","protected":false},"featured_media":32227,"comment_status":"closed","ping_status":"closed","template":"","meta":[],"product_brand":[],"product_cat":[342,349],"product_tag":[],"class_list":{"0":"post-16295","1":"product","2":"type-product","3":"status-publish","4":"has-post-thumbnail","6":"product_cat-akcesoria-dla-psa","7":"product_cat-kamizelki-dla-psa","8":"pa_kolor-green","9":"pa_rozmiar-m","10":"pa_rozmiar-s","11":"pa_rozmiar-xl","13":"first","14":"instock","15":"taxable","16":"shipping-taxable","17":"purchasable","18":"product-type-variable"},"_links":{"self":[{"href":"https:\/\/pompom.dog\/en\/wp-json\/wp\/v2\/product\/16295","targetHints":{"allow":["GET"]}}],"collection":[{"href":"https:\/\/pompom.dog\/en\/wp-json\/wp\/v2\/product"}],"about":[{"href":"https:\/\/pompom.dog\/en\/wp-json\/wp\/v2\/types\/product"}],"replies":[{"embeddable":true,"href":"https:\/\/pompom.dog\/en\/wp-json\/wp\/v2\/comments?post=16295"}],"wp:featuredmedia":[{"embeddable":true,"href":"https:\/\/pompom.dog\/en\/wp-json\/wp\/v2\/media\/32227"}],"wp:attachment":[{"href":"https:\/\/pompom.dog\/en\/wp-json\/wp\/v2\/media?parent=16295"}],"wp:term":[{"taxonomy":"product_brand","embeddable":true,"href":"https:\/\/pompom.dog\/en\/wp-json\/wp\/v2\/product_brand?post=16295"},{"taxonomy":"product_cat","embeddable":true,"href":"https:\/\/pompom.dog\/en\/wp-json\/wp\/v2\/product_cat?post=16295"},{"taxonomy":"product_tag","embeddable":true,"href":"https:\/\/pompom.dog\/en\/wp-json\/wp\/v2\/product_tag?post=16295"}],"curies":[{"name":"wp","href":"https:\/\/api.w.org\/{rel}","templated":true}]}}