{"id":16321,"date":"2025-08-27T20:31:24","date_gmt":"2025-08-27T20:31:24","guid":{"rendered":"https:\/\/pompom.dog\/?post_type=product&#038;p=16321"},"modified":"2025-09-11T13:57:04","modified_gmt":"2025-09-11T13:57:04","slug":"bluza-blue-love","status":"publish","type":"product","link":"https:\/\/pompom.dog\/en\/product\/bluza-blue-love\/","title":{"rendered":"Bluza Blue Love"},"content":{"rendered":"<p><strong>Bluza Blue Love<\/strong><\/p>\n<p>B\u0142\u0119kit 001\/018<\/p>\n<p>Bluza z okr\u0105g\u0142ym dekoltem i r\u0119kawem. Pr\u0105\u017ckowane \u015bci\u0105gacze. Ozdobny nadruk z motywem z\u0142otych serduszek.<\/p>\n<p>&nbsp;<\/p>\n<p><strong>SK\u0141AD:<\/strong><\/p>\n<p>G\u0141\u00d3WNA TKANINA<br \/>\n100% bawe\u0142na<\/p>\n<p>DODATKOWA TKANINA<br \/>\n98% bawe\u0142na<br \/>\n2% elastan<\/p>\n","protected":false},"excerpt":{"rendered":"<p>Bluza Blue Love B\u0142\u0119kit 001\/018 Bluza z okr\u0105g\u0142ym dekoltem i r\u0119kawem. Pr\u0105\u017ckowane \u015bci\u0105gacze. Ozdobny nadruk z motywem z\u0142otych serduszek. &nbsp; SK\u0141AD: G\u0141\u00d3WNA TKANINA 100% bawe\u0142na DODATKOWA TKANINA 98% bawe\u0142na 2% elastan<\/p>\n","protected":false},"featured_media":33616,"comment_status":"closed","ping_status":"closed","template":"","meta":[],"product_brand":[],"product_cat":[347,345],"product_tag":[],"class_list":{"0":"post-16321","1":"product","2":"type-product","3":"status-publish","4":"has-post-thumbnail","6":"product_cat-bluzy-dla-psa","7":"product_cat-ubranka-dla-psa","8":"pa_kolor-blue","9":"pa_kolor-light-blue","10":"pa_rozmiar-m","11":"pa_rozmiar-s","12":"pa_rozmiar-xl","14":"first","15":"instock","16":"taxable","17":"shipping-taxable","18":"purchasable","19":"product-type-variable"},"_links":{"self":[{"href":"https:\/\/pompom.dog\/en\/wp-json\/wp\/v2\/product\/16321","targetHints":{"allow":["GET"]}}],"collection":[{"href":"https:\/\/pompom.dog\/en\/wp-json\/wp\/v2\/product"}],"about":[{"href":"https:\/\/pompom.dog\/en\/wp-json\/wp\/v2\/types\/product"}],"replies":[{"embeddable":true,"href":"https:\/\/pompom.dog\/en\/wp-json\/wp\/v2\/comments?post=16321"}],"wp:featuredmedia":[{"embeddable":true,"href":"https:\/\/pompom.dog\/en\/wp-json\/wp\/v2\/media\/33616"}],"wp:attachment":[{"href":"https:\/\/pompom.dog\/en\/wp-json\/wp\/v2\/media?parent=16321"}],"wp:term":[{"taxonomy":"product_brand","embeddable":true,"href":"https:\/\/pompom.dog\/en\/wp-json\/wp\/v2\/product_brand?post=16321"},{"taxonomy":"product_cat","embeddable":true,"href":"https:\/\/pompom.dog\/en\/wp-json\/wp\/v2\/product_cat?post=16321"},{"taxonomy":"product_tag","embeddable":true,"href":"https:\/\/pompom.dog\/en\/wp-json\/wp\/v2\/product_tag?post=16321"}],"curies":[{"name":"wp","href":"https:\/\/api.w.org\/{rel}","templated":true}]}}