{"id":16387,"date":"2025-08-27T20:31:34","date_gmt":"2025-08-27T20:31:34","guid":{"rendered":"https:\/\/pompom.dog\/?post_type=product&#038;p=16387"},"modified":"2025-09-08T18:08:26","modified_gmt":"2025-09-08T18:08:26","slug":"kamizelka-black-sour","status":"publish","type":"product","link":"https:\/\/pompom.dog\/en\/product\/kamizelka-black-sour\/","title":{"rendered":"Kamizelka Black Sour"},"content":{"rendered":"<p><strong>Kamizelka Black Sour<\/strong><\/p>\n<p>Wielokolorowy 010\/010<\/p>\n<p>Kamizelka z motywem cytryn. Wodoodporna. Metalowe okucia. Zapinana na rzep i tr\u00f3jz\u0105b. Podw\u00f3jna ochrona.<\/p>\n<p>&nbsp;<\/p>\n<p><strong>SK\u0141AD:<\/strong><\/p>\n<p>G\u0141\u00d3WNA TKANINA<br \/>\n100% bawe\u0142na<\/p>\n<p>DODATKOWA TKANINA<br \/>\n100% poliester<\/p>\n","protected":false},"excerpt":{"rendered":"<p>Kamizelka Black Sour Wielokolorowy 010\/010 Kamizelka z motywem cytryn. Wodoodporna. Metalowe okucia. Zapinana na rzep i tr\u00f3jz\u0105b. Podw\u00f3jna ochrona. &nbsp; SK\u0141AD: G\u0141\u00d3WNA TKANINA 100% bawe\u0142na DODATKOWA TKANINA 100% poliester<\/p>\n","protected":false},"featured_media":32174,"comment_status":"closed","ping_status":"closed","template":"","meta":[],"product_brand":[],"product_cat":[342,349],"product_tag":[],"class_list":{"0":"post-16387","1":"product","2":"type-product","3":"status-publish","4":"has-post-thumbnail","6":"product_cat-akcesoria-dla-psa","7":"product_cat-kamizelki-dla-psa","8":"pa_kolor-black","9":"pa_kolor-yellow","10":"pa_rozmiar-m","11":"pa_rozmiar-s","12":"pa_rozmiar-xl","14":"first","15":"instock","16":"taxable","17":"shipping-taxable","18":"purchasable","19":"product-type-variable"},"_links":{"self":[{"href":"https:\/\/pompom.dog\/en\/wp-json\/wp\/v2\/product\/16387","targetHints":{"allow":["GET"]}}],"collection":[{"href":"https:\/\/pompom.dog\/en\/wp-json\/wp\/v2\/product"}],"about":[{"href":"https:\/\/pompom.dog\/en\/wp-json\/wp\/v2\/types\/product"}],"replies":[{"embeddable":true,"href":"https:\/\/pompom.dog\/en\/wp-json\/wp\/v2\/comments?post=16387"}],"wp:featuredmedia":[{"embeddable":true,"href":"https:\/\/pompom.dog\/en\/wp-json\/wp\/v2\/media\/32174"}],"wp:attachment":[{"href":"https:\/\/pompom.dog\/en\/wp-json\/wp\/v2\/media?parent=16387"}],"wp:term":[{"taxonomy":"product_brand","embeddable":true,"href":"https:\/\/pompom.dog\/en\/wp-json\/wp\/v2\/product_brand?post=16387"},{"taxonomy":"product_cat","embeddable":true,"href":"https:\/\/pompom.dog\/en\/wp-json\/wp\/v2\/product_cat?post=16387"},{"taxonomy":"product_tag","embeddable":true,"href":"https:\/\/pompom.dog\/en\/wp-json\/wp\/v2\/product_tag?post=16387"}],"curies":[{"name":"wp","href":"https:\/\/api.w.org\/{rel}","templated":true}]}}