{"id":16461,"date":"2025-08-27T20:31:46","date_gmt":"2025-08-27T20:31:46","guid":{"rendered":"https:\/\/pompom.dog\/?post_type=product&#038;p=16461"},"modified":"2025-09-08T17:56:07","modified_gmt":"2025-09-08T17:56:07","slug":"kamizelka-kamuflage","status":"publish","type":"product","link":"https:\/\/pompom.dog\/en\/product\/kamizelka-kamuflage\/","title":{"rendered":"Kamizelka Kamuflage"},"content":{"rendered":"<p><strong>Kamizelka Kamuflage<\/strong><\/p>\n<p>Wielokolorowy 010\/014<\/p>\n<p>Kamizelka z motywem militarnym. Wodoodporna. Metalowe okucia. Zapinana na rzep i tr\u00f3jz\u0105b. Podw\u00f3jna ochrona.<\/p>\n<p>&nbsp;<\/p>\n<p><strong>SK\u0141AD:<\/strong><\/p>\n<p>G\u0141\u00d3WNA TKANINA<br \/>\n100% bawe\u0142na<\/p>\n<p>DODATKOWA TKANINA<br \/>\n100% poliester<\/p>\n","protected":false},"excerpt":{"rendered":"<p>Kamizelka Kamuflage Wielokolorowy 010\/014 Kamizelka z motywem militarnym. Wodoodporna. Metalowe okucia. Zapinana na rzep i tr\u00f3jz\u0105b. Podw\u00f3jna ochrona. &nbsp; SK\u0141AD: G\u0141\u00d3WNA TKANINA 100% bawe\u0142na DODATKOWA TKANINA 100% poliester<\/p>\n","protected":false},"featured_media":32129,"comment_status":"closed","ping_status":"closed","template":"","meta":[],"product_brand":[],"product_cat":[342,349],"product_tag":[],"class_list":{"0":"post-16461","1":"product","2":"type-product","3":"status-publish","4":"has-post-thumbnail","6":"product_cat-akcesoria-dla-psa","7":"product_cat-kamizelki-dla-psa","8":"pa_kolor-khaki","9":"pa_kolor-multicolor","10":"pa_rozmiar-m","11":"pa_rozmiar-s","12":"pa_rozmiar-xl","13":"pa_rozmiar-xs","15":"first","16":"instock","17":"taxable","18":"shipping-taxable","19":"purchasable","20":"product-type-variable"},"_links":{"self":[{"href":"https:\/\/pompom.dog\/en\/wp-json\/wp\/v2\/product\/16461","targetHints":{"allow":["GET"]}}],"collection":[{"href":"https:\/\/pompom.dog\/en\/wp-json\/wp\/v2\/product"}],"about":[{"href":"https:\/\/pompom.dog\/en\/wp-json\/wp\/v2\/types\/product"}],"replies":[{"embeddable":true,"href":"https:\/\/pompom.dog\/en\/wp-json\/wp\/v2\/comments?post=16461"}],"wp:featuredmedia":[{"embeddable":true,"href":"https:\/\/pompom.dog\/en\/wp-json\/wp\/v2\/media\/32129"}],"wp:attachment":[{"href":"https:\/\/pompom.dog\/en\/wp-json\/wp\/v2\/media?parent=16461"}],"wp:term":[{"taxonomy":"product_brand","embeddable":true,"href":"https:\/\/pompom.dog\/en\/wp-json\/wp\/v2\/product_brand?post=16461"},{"taxonomy":"product_cat","embeddable":true,"href":"https:\/\/pompom.dog\/en\/wp-json\/wp\/v2\/product_cat?post=16461"},{"taxonomy":"product_tag","embeddable":true,"href":"https:\/\/pompom.dog\/en\/wp-json\/wp\/v2\/product_tag?post=16461"}],"curies":[{"name":"wp","href":"https:\/\/api.w.org\/{rel}","templated":true}]}}