{"id":17061,"date":"2025-08-27T20:33:37","date_gmt":"2025-08-27T20:33:37","guid":{"rendered":"https:\/\/pompom.dog\/?post_type=product&#038;p=17061"},"modified":"2025-09-08T17:31:40","modified_gmt":"2025-09-08T17:31:40","slug":"kamizelka-green-leaf","status":"publish","type":"product","link":"https:\/\/pompom.dog\/en\/product\/kamizelka-green-leaf\/","title":{"rendered":"Kamizelka Green Leaf"},"content":{"rendered":"<p><strong>Kamizelka Green Leaf<\/strong><\/p>\n<p>Wielokolorowy 010\/023<\/p>\n<p>Kamizelka z motywem li\u015bci. Wodoodporna. Zapinana na rzep i tr\u00f3jz\u0105b. Podw\u00f3jna ochrona.<\/p>\n<p>&nbsp;<\/p>\n<p><strong>SK\u0141AD:<\/strong><\/p>\n<p>G\u0141\u00d3WNA TKANINA<br \/>\n92% bawe\u0142na<\/p>\n<p>8% elastan<\/p>\n<p>DODATKOWA TKANINA<br \/>\n100% poliester<\/p>\n","protected":false},"excerpt":{"rendered":"<p>Kamizelka Green Leaf Wielokolorowy 010\/023 Kamizelka z motywem li\u015bci. Wodoodporna. Zapinana na rzep i tr\u00f3jz\u0105b. Podw\u00f3jna ochrona. &nbsp; SK\u0141AD: G\u0141\u00d3WNA TKANINA 92% bawe\u0142na 8% elastan DODATKOWA TKANINA 100% poliester<\/p>\n","protected":false},"featured_media":32048,"comment_status":"closed","ping_status":"closed","template":"","meta":[],"product_brand":[],"product_cat":[342,349],"product_tag":[],"class_list":{"0":"post-17061","1":"product","2":"type-product","3":"status-publish","4":"has-post-thumbnail","6":"product_cat-akcesoria-dla-psa","7":"product_cat-kamizelki-dla-psa","8":"pa_kolor-black","9":"pa_kolor-green","10":"pa_rozmiar-m","11":"pa_rozmiar-s","12":"pa_rozmiar-xl","13":"pa_rozmiar-xs","15":"first","16":"instock","17":"taxable","18":"shipping-taxable","19":"purchasable","20":"product-type-variable"},"_links":{"self":[{"href":"https:\/\/pompom.dog\/en\/wp-json\/wp\/v2\/product\/17061","targetHints":{"allow":["GET"]}}],"collection":[{"href":"https:\/\/pompom.dog\/en\/wp-json\/wp\/v2\/product"}],"about":[{"href":"https:\/\/pompom.dog\/en\/wp-json\/wp\/v2\/types\/product"}],"replies":[{"embeddable":true,"href":"https:\/\/pompom.dog\/en\/wp-json\/wp\/v2\/comments?post=17061"}],"wp:featuredmedia":[{"embeddable":true,"href":"https:\/\/pompom.dog\/en\/wp-json\/wp\/v2\/media\/32048"}],"wp:attachment":[{"href":"https:\/\/pompom.dog\/en\/wp-json\/wp\/v2\/media?parent=17061"}],"wp:term":[{"taxonomy":"product_brand","embeddable":true,"href":"https:\/\/pompom.dog\/en\/wp-json\/wp\/v2\/product_brand?post=17061"},{"taxonomy":"product_cat","embeddable":true,"href":"https:\/\/pompom.dog\/en\/wp-json\/wp\/v2\/product_cat?post=17061"},{"taxonomy":"product_tag","embeddable":true,"href":"https:\/\/pompom.dog\/en\/wp-json\/wp\/v2\/product_tag?post=17061"}],"curies":[{"name":"wp","href":"https:\/\/api.w.org\/{rel}","templated":true}]}}