{"id":17334,"date":"2025-08-27T20:34:36","date_gmt":"2025-08-27T20:34:36","guid":{"rendered":"https:\/\/pompom.dog\/?post_type=product&#038;p=17334"},"modified":"2025-09-11T13:41:44","modified_gmt":"2025-09-11T13:41:44","slug":"bluza-van-red","status":"publish","type":"product","link":"https:\/\/pompom.dog\/en\/product\/bluza-van-red\/","title":{"rendered":"Bluza VAN RED"},"content":{"rendered":"<p><strong>Bluza VAN RED<\/strong><\/p>\n<p>Czerwono czarna 001\/215<\/p>\n<p>Bluza z okr\u0105g\u0142ym dekoltem, r\u0119kawy. Pr\u0105\u017ckowane \u015bci\u0105gacze. W ozdobn\u0105 krat\u0119.<\/p>\n<p>&nbsp;<\/p>\n<p><strong>SK\u0141AD:<\/strong><\/p>\n<p>G\u0141\u00d3WNA TKANINA<br \/>\n92% bawe\u0142na<br \/>\n8% elastan<\/p>\n<p>DODATKOWA TKANINA<br \/>\n92% bawe\u0142na<br \/>\n8% elastan<\/p>\n","protected":false},"excerpt":{"rendered":"<p>Bluza VAN RED Czerwono czarna 001\/215 Bluza z okr\u0105g\u0142ym dekoltem, r\u0119kawy. Pr\u0105\u017ckowane \u015bci\u0105gacze. W ozdobn\u0105 krat\u0119. &nbsp; SK\u0141AD: G\u0141\u00d3WNA TKANINA 92% bawe\u0142na 8% elastan DODATKOWA TKANINA 92% bawe\u0142na 8% elastan<\/p>\n","protected":false},"featured_media":33541,"comment_status":"closed","ping_status":"closed","template":"","meta":[],"product_brand":[],"product_cat":[347,345],"product_tag":[],"class_list":{"0":"post-17334","1":"product","2":"type-product","3":"status-publish","4":"has-post-thumbnail","6":"product_cat-bluzy-dla-psa","7":"product_cat-ubranka-dla-psa","8":"pa_kolor-black","9":"pa_kolor-red","10":"pa_rozmiar-m","11":"pa_rozmiar-s","12":"pa_rozmiar-xl","13":"pa_rozmiar-xs","15":"first","16":"instock","17":"taxable","18":"shipping-taxable","19":"purchasable","20":"product-type-variable"},"_links":{"self":[{"href":"https:\/\/pompom.dog\/en\/wp-json\/wp\/v2\/product\/17334","targetHints":{"allow":["GET"]}}],"collection":[{"href":"https:\/\/pompom.dog\/en\/wp-json\/wp\/v2\/product"}],"about":[{"href":"https:\/\/pompom.dog\/en\/wp-json\/wp\/v2\/types\/product"}],"replies":[{"embeddable":true,"href":"https:\/\/pompom.dog\/en\/wp-json\/wp\/v2\/comments?post=17334"}],"wp:featuredmedia":[{"embeddable":true,"href":"https:\/\/pompom.dog\/en\/wp-json\/wp\/v2\/media\/33541"}],"wp:attachment":[{"href":"https:\/\/pompom.dog\/en\/wp-json\/wp\/v2\/media?parent=17334"}],"wp:term":[{"taxonomy":"product_brand","embeddable":true,"href":"https:\/\/pompom.dog\/en\/wp-json\/wp\/v2\/product_brand?post=17334"},{"taxonomy":"product_cat","embeddable":true,"href":"https:\/\/pompom.dog\/en\/wp-json\/wp\/v2\/product_cat?post=17334"},{"taxonomy":"product_tag","embeddable":true,"href":"https:\/\/pompom.dog\/en\/wp-json\/wp\/v2\/product_tag?post=17334"}],"curies":[{"name":"wp","href":"https:\/\/api.w.org\/{rel}","templated":true}]}}