{"id":17398,"date":"2025-08-27T20:34:50","date_gmt":"2025-08-27T20:34:50","guid":{"rendered":"https:\/\/pompom.dog\/?post_type=product&#038;p=17398"},"modified":"2025-09-08T17:14:09","modified_gmt":"2025-09-08T17:14:09","slug":"puszorki-pistachio","status":"publish","type":"product","link":"https:\/\/pompom.dog\/en\/product\/puszorki-pistachio\/","title":{"rendered":"Puszorki Pistachio"},"content":{"rendered":"<p><strong>Puszorki Pistachio<\/strong><\/p>\n<p>Pastelowy pistacjowy 100\/021<\/p>\n<p>Puszorki z ekosk\u00f3ry, klasyka w najlepszym wydaniu. Pe\u0142na regulacja.<\/p>\n<p>&nbsp;<\/p>\n<p><strong>SK\u0141AD:<\/strong><\/p>\n<p>G\u0141\u00d3WNA TKANINA<\/p>\n<p>100% puliertan<\/p>\n<p>DODATKOWA TKANINA<\/p>\n<p>92% bawe\u0142na<\/p>\n<p>8% elastan<\/p>\n","protected":false},"excerpt":{"rendered":"<p>Puszorki Pistachio Pastelowy pistacjowy 100\/021 Puszorki z ekosk\u00f3ry, klasyka w najlepszym wydaniu. Pe\u0142na regulacja. &nbsp; SK\u0141AD: G\u0141\u00d3WNA TKANINA 100% puliertan DODATKOWA TKANINA 92% bawe\u0142na 8% elastan<\/p>\n","protected":false},"featured_media":31999,"comment_status":"closed","ping_status":"closed","template":"","meta":[],"product_brand":[],"product_cat":[342,343],"product_tag":[],"class_list":{"0":"post-17398","1":"product","2":"type-product","3":"status-publish","4":"has-post-thumbnail","6":"product_cat-akcesoria-dla-psa","7":"product_cat-szelki-dla-psa","8":"pa_kolor-green","9":"pa_kolor-mint","10":"pa_rozmiar-m","11":"pa_rozmiar-s","12":"pa_rozmiar-xl","13":"pa_rozmiar-xs","15":"first","16":"instock","17":"taxable","18":"shipping-taxable","19":"purchasable","20":"product-type-variable"},"_links":{"self":[{"href":"https:\/\/pompom.dog\/en\/wp-json\/wp\/v2\/product\/17398","targetHints":{"allow":["GET"]}}],"collection":[{"href":"https:\/\/pompom.dog\/en\/wp-json\/wp\/v2\/product"}],"about":[{"href":"https:\/\/pompom.dog\/en\/wp-json\/wp\/v2\/types\/product"}],"replies":[{"embeddable":true,"href":"https:\/\/pompom.dog\/en\/wp-json\/wp\/v2\/comments?post=17398"}],"wp:featuredmedia":[{"embeddable":true,"href":"https:\/\/pompom.dog\/en\/wp-json\/wp\/v2\/media\/31999"}],"wp:attachment":[{"href":"https:\/\/pompom.dog\/en\/wp-json\/wp\/v2\/media?parent=17398"}],"wp:term":[{"taxonomy":"product_brand","embeddable":true,"href":"https:\/\/pompom.dog\/en\/wp-json\/wp\/v2\/product_brand?post=17398"},{"taxonomy":"product_cat","embeddable":true,"href":"https:\/\/pompom.dog\/en\/wp-json\/wp\/v2\/product_cat?post=17398"},{"taxonomy":"product_tag","embeddable":true,"href":"https:\/\/pompom.dog\/en\/wp-json\/wp\/v2\/product_tag?post=17398"}],"curies":[{"name":"wp","href":"https:\/\/api.w.org\/{rel}","templated":true}]}}