{"id":17787,"date":"2025-08-27T20:35:56","date_gmt":"2025-08-27T20:35:56","guid":{"rendered":"https:\/\/pompom.dog\/?post_type=product&#038;p=17787"},"modified":"2025-09-14T14:44:24","modified_gmt":"2025-09-14T14:44:24","slug":"bluza-retro-disco-green-lilac","status":"publish","type":"product","link":"https:\/\/pompom.dog\/en\/product\/bluza-retro-disco-green-lilac\/","title":{"rendered":"Bluza Retro Disco &#8211; Green &#038; Lilac"},"content":{"rendered":"<p><strong>Bluza Retro Disco &#8211; Green &amp; Lilac<\/strong><\/p>\n<p>Limonka z Liliowym 12\/08\/2021-05<\/p>\n<p>Bluza z okr\u0105g\u0142ym dekoltem, bez r\u0119kaw\u00f3w. Pr\u0105\u017ckowane \u015bci\u0105gacze. Zako\u0144czona kilkoma warstwami tiulu imituj\u0105cym sp\u00f3dnice, ozdobna naszywka z logo marki.<\/p>\n<p>&nbsp;<\/p>\n<p><strong>SK\u0141AD:<\/strong><\/p>\n<p>G\u0141\u00d3WNA TKANINA<br \/>\n92% bawe\u0142na<br \/>\n8% elastan<\/p>\n<p>DODATKOWA TKANINA<br \/>\n100% poliester<\/p>\n","protected":false},"excerpt":{"rendered":"<p>Bluza Retro Disco &#8211; Green &amp; Lilac Limonka z Liliowym 12\/08\/2021-05 Bluza z okr\u0105g\u0142ym dekoltem, bez r\u0119kaw\u00f3w. Pr\u0105\u017ckowane \u015bci\u0105gacze. Zako\u0144czona kilkoma warstwami tiulu imituj\u0105cym sp\u00f3dnice, ozdobna naszywka z logo marki. &nbsp; SK\u0141AD: G\u0141\u00d3WNA TKANINA 92% bawe\u0142na 8% elastan DODATKOWA TKANINA 100% poliester<\/p>\n","protected":false},"featured_media":33903,"comment_status":"closed","ping_status":"closed","template":"","meta":[],"product_brand":[],"product_cat":[347,345],"product_tag":[],"class_list":{"0":"post-17787","1":"product","2":"type-product","3":"status-publish","4":"has-post-thumbnail","6":"product_cat-bluzy-dla-psa","7":"product_cat-ubranka-dla-psa","8":"pa_kolor-green","9":"pa_kolor-lilac","10":"pa_rozmiar-m","11":"pa_rozmiar-s","12":"pa_rozmiar-xl","13":"pa_rozmiar-xs","15":"first","16":"instock","17":"taxable","18":"shipping-taxable","19":"purchasable","20":"product-type-variable"},"_links":{"self":[{"href":"https:\/\/pompom.dog\/en\/wp-json\/wp\/v2\/product\/17787","targetHints":{"allow":["GET"]}}],"collection":[{"href":"https:\/\/pompom.dog\/en\/wp-json\/wp\/v2\/product"}],"about":[{"href":"https:\/\/pompom.dog\/en\/wp-json\/wp\/v2\/types\/product"}],"replies":[{"embeddable":true,"href":"https:\/\/pompom.dog\/en\/wp-json\/wp\/v2\/comments?post=17787"}],"wp:featuredmedia":[{"embeddable":true,"href":"https:\/\/pompom.dog\/en\/wp-json\/wp\/v2\/media\/33903"}],"wp:attachment":[{"href":"https:\/\/pompom.dog\/en\/wp-json\/wp\/v2\/media?parent=17787"}],"wp:term":[{"taxonomy":"product_brand","embeddable":true,"href":"https:\/\/pompom.dog\/en\/wp-json\/wp\/v2\/product_brand?post=17787"},{"taxonomy":"product_cat","embeddable":true,"href":"https:\/\/pompom.dog\/en\/wp-json\/wp\/v2\/product_cat?post=17787"},{"taxonomy":"product_tag","embeddable":true,"href":"https:\/\/pompom.dog\/en\/wp-json\/wp\/v2\/product_tag?post=17787"}],"curies":[{"name":"wp","href":"https:\/\/api.w.org\/{rel}","templated":true}]}}