{"id":18015,"date":"2025-08-27T20:36:41","date_gmt":"2025-08-27T20:36:41","guid":{"rendered":"https:\/\/pompom.dog\/?post_type=product&#038;p=18015"},"modified":"2025-09-11T08:22:35","modified_gmt":"2025-09-11T08:22:35","slug":"chusta-bandana-red","status":"publish","type":"product","link":"https:\/\/pompom.dog\/en\/product\/chusta-bandana-red\/","title":{"rendered":"Chusta Bandana Red"},"content":{"rendered":"<p><strong>Chusta Bandana Red<\/strong><\/p>\n<p>Czerwona 09\/2021<\/p>\n<p>Chusta w kszta\u0142cie tr\u00f3jk\u0105ta z \u0142\u0105czonych materia\u0142\u00f3w. Zapinana na logowany zatrzask. Gumowa naszywka z nazw\u0105 marki.<\/p>\n<p>&nbsp;<\/p>\n<p><strong>SK\u0141AD:<\/strong><\/p>\n<p>G\u0141\u00d3WNA TKANINA<br \/>\n92% bawe\u0142na<br \/>\n8% elastan<\/p>\n<p>DODATKOWA TKANINA<br \/>\n92% bawe\u0142na<br \/>\n8% elastan<\/p>\n","protected":false},"excerpt":{"rendered":"<p>Chusta Bandana Red Czerwona 09\/2021 Chusta w kszta\u0142cie tr\u00f3jk\u0105ta z \u0142\u0105czonych materia\u0142\u00f3w. Zapinana na logowany zatrzask. Gumowa naszywka z nazw\u0105 marki. &nbsp; SK\u0141AD: G\u0141\u00d3WNA TKANINA 92% bawe\u0142na 8% elastan DODATKOWA TKANINA 92% bawe\u0142na 8% elastan<\/p>\n","protected":false},"featured_media":32836,"comment_status":"closed","ping_status":"closed","template":"","meta":[],"product_brand":[],"product_cat":[365,345],"product_tag":[],"class_list":{"0":"post-18015","1":"product","2":"type-product","3":"status-publish","4":"has-post-thumbnail","6":"product_cat-chusty-dla-psa","7":"product_cat-ubranka-dla-psa","8":"pa_kolor-red","9":"pa_rozmiar-m-l","10":"pa_rozmiar-s-m","12":"first","13":"instock","14":"taxable","15":"shipping-taxable","16":"purchasable","17":"product-type-variable"},"_links":{"self":[{"href":"https:\/\/pompom.dog\/en\/wp-json\/wp\/v2\/product\/18015","targetHints":{"allow":["GET"]}}],"collection":[{"href":"https:\/\/pompom.dog\/en\/wp-json\/wp\/v2\/product"}],"about":[{"href":"https:\/\/pompom.dog\/en\/wp-json\/wp\/v2\/types\/product"}],"replies":[{"embeddable":true,"href":"https:\/\/pompom.dog\/en\/wp-json\/wp\/v2\/comments?post=18015"}],"wp:featuredmedia":[{"embeddable":true,"href":"https:\/\/pompom.dog\/en\/wp-json\/wp\/v2\/media\/32836"}],"wp:attachment":[{"href":"https:\/\/pompom.dog\/en\/wp-json\/wp\/v2\/media?parent=18015"}],"wp:term":[{"taxonomy":"product_brand","embeddable":true,"href":"https:\/\/pompom.dog\/en\/wp-json\/wp\/v2\/product_brand?post=18015"},{"taxonomy":"product_cat","embeddable":true,"href":"https:\/\/pompom.dog\/en\/wp-json\/wp\/v2\/product_cat?post=18015"},{"taxonomy":"product_tag","embeddable":true,"href":"https:\/\/pompom.dog\/en\/wp-json\/wp\/v2\/product_tag?post=18015"}],"curies":[{"name":"wp","href":"https:\/\/api.w.org\/{rel}","templated":true}]}}