{"id":18899,"date":"2025-08-27T20:39:34","date_gmt":"2025-08-27T20:39:34","guid":{"rendered":"https:\/\/pompom.dog\/?post_type=product&#038;p=18899"},"modified":"2025-09-11T07:26:31","modified_gmt":"2025-09-11T07:26:31","slug":"kurtka-przeciwdeszczowa-butterfly","status":"publish","type":"product","link":"https:\/\/pompom.dog\/en\/product\/kurtka-przeciwdeszczowa-butterfly\/","title":{"rendered":"KURTKA PRZECIWDESZCZOWA BUTTERFLY"},"content":{"rendered":"<p><strong>KURTKA PRZECIWDESZCZOWA BUTTERFLY<\/strong><\/p>\n<p>zielony z r\u00f3\u017cem 05092022-14<\/p>\n<p>Kurtka przeciwdeszczowa z cienkiej i lekkiej tkaniny. Zapinana na napy z mo\u017cliwo\u015bci\u0105 regulacji obwodu. Wodoodporna. Podszyta siateczk\u0105 \u00a0z r\u0119kawkami i kapturem. Szeroko\u015b\u0107 r\u0119kawa regulowana gumk\u0105.<\/p>\n<p><strong>SK\u0141AD:<\/strong><\/p>\n<p>G\u0141\u00d3WNA TKANINA<br \/>\n100% poliester<\/p>\n<p>&nbsp;<\/p>\n","protected":false},"excerpt":{"rendered":"<p>KURTKA PRZECIWDESZCZOWA BUTTERFLY zielony z r\u00f3\u017cem 05092022-14 Kurtka przeciwdeszczowa z cienkiej i lekkiej tkaniny. Zapinana na napy z mo\u017cliwo\u015bci\u0105 regulacji obwodu. Wodoodporna. Podszyta siateczk\u0105 \u00a0z r\u0119kawkami i kapturem. Szeroko\u015b\u0107 r\u0119kawa regulowana gumk\u0105. SK\u0141AD: G\u0141\u00d3WNA TKANINA 100% poliester &nbsp;<\/p>\n","protected":false},"featured_media":32773,"comment_status":"closed","ping_status":"closed","template":"","meta":[],"product_brand":[],"product_cat":[353,345],"product_tag":[],"class_list":{"0":"post-18899","1":"product","2":"type-product","3":"status-publish","4":"has-post-thumbnail","6":"product_cat-kurteczki-dla-psa","7":"product_cat-ubranka-dla-psa","8":"pa_kolor-mint","9":"pa_kolor-multicolor","10":"pa_kolor-pink","11":"pa_rozmiar-m","12":"pa_rozmiar-s","13":"pa_rozmiar-xl","14":"pa_rozmiar-xs","16":"first","17":"instock","18":"taxable","19":"shipping-taxable","20":"purchasable","21":"product-type-variable"},"_links":{"self":[{"href":"https:\/\/pompom.dog\/en\/wp-json\/wp\/v2\/product\/18899","targetHints":{"allow":["GET"]}}],"collection":[{"href":"https:\/\/pompom.dog\/en\/wp-json\/wp\/v2\/product"}],"about":[{"href":"https:\/\/pompom.dog\/en\/wp-json\/wp\/v2\/types\/product"}],"replies":[{"embeddable":true,"href":"https:\/\/pompom.dog\/en\/wp-json\/wp\/v2\/comments?post=18899"}],"wp:featuredmedia":[{"embeddable":true,"href":"https:\/\/pompom.dog\/en\/wp-json\/wp\/v2\/media\/32773"}],"wp:attachment":[{"href":"https:\/\/pompom.dog\/en\/wp-json\/wp\/v2\/media?parent=18899"}],"wp:term":[{"taxonomy":"product_brand","embeddable":true,"href":"https:\/\/pompom.dog\/en\/wp-json\/wp\/v2\/product_brand?post=18899"},{"taxonomy":"product_cat","embeddable":true,"href":"https:\/\/pompom.dog\/en\/wp-json\/wp\/v2\/product_cat?post=18899"},{"taxonomy":"product_tag","embeddable":true,"href":"https:\/\/pompom.dog\/en\/wp-json\/wp\/v2\/product_tag?post=18899"}],"curies":[{"name":"wp","href":"https:\/\/api.w.org\/{rel}","templated":true}]}}