{"id":20646,"date":"2025-08-27T21:01:05","date_gmt":"2025-08-27T21:01:05","guid":{"rendered":"https:\/\/pompom.dog\/?post_type=product&#038;p=20646"},"modified":"2025-09-09T19:11:48","modified_gmt":"2025-09-09T19:11:48","slug":"torba-mint-power","status":"publish","type":"product","link":"https:\/\/pompom.dog\/en\/product\/torba-mint-power\/","title":{"rendered":"Torba Mint Power"},"content":{"rendered":"<p><strong>Torba Mint Power<\/strong><\/p>\n<p>Be\u017cowo-mi\u0119towa 004-25<\/p>\n<p>Torba transportowa spe\u0142niaj\u0105ca normy wszystkich lini lotniczych swoimi wymiarami. Wygodna dla pupila torba wyposa\u017cona jest w odpinan\u0105 poduch\u0119 wype\u0142niaj\u0105c\u0105 wn\u0119trze. Torba zapinana jest na zamek b\u0142yskawiczny, wierzch wykonany z siatki umo\u017cliwiaj\u0105cej widoczno\u015b\u0107 pupilowi, kt\u00f3r\u0105 w ka\u017cdej chwili mo\u017cna zwin\u0105\u0107 w rulon zabezpieczaj\u0105c j\u0105 ta\u015bmami przed rozwijaniem. W \u015brodku wszyta smycz. Kiesze\u0144 z boku torby. Nad kieszeni\u0105 ozdobnie wszyty herb z logo marki. Mocne uchwyty plus dodatkowy odpinany na rami\u0119. Materia\u0142 \u0142atwy w czyszczeniu, odporny na zabrudzenia i zadrapania.<\/p>\n<p>&nbsp;<\/p>\n<p><strong>SK\u0141AD:<\/strong><\/p>\n<p>G\u0141\u00d3WNA TKANINA<br \/>\n100% puliertan<\/p>\n","protected":false},"excerpt":{"rendered":"<p>Torba Mint Power Be\u017cowo-mi\u0119towa 004-25 Torba transportowa spe\u0142niaj\u0105ca normy wszystkich lini lotniczych swoimi wymiarami. Wygodna dla pupila torba wyposa\u017cona jest w odpinan\u0105 poduch\u0119 wype\u0142niaj\u0105c\u0105 wn\u0119trze. Torba zapinana jest na zamek b\u0142yskawiczny, wierzch wykonany z siatki umo\u017cliwiaj\u0105cej widoczno\u015b\u0107 pupilowi, kt\u00f3r\u0105 w ka\u017cdej chwili mo\u017cna zwin\u0105\u0107 w rulon zabezpieczaj\u0105c j\u0105 ta\u015bmami przed rozwijaniem. W \u015brodku wszyta smycz. [&hellip;]<\/p>\n","protected":false},"featured_media":32468,"comment_status":"closed","ping_status":"closed","template":"","meta":[],"product_brand":[],"product_cat":[350,363],"product_tag":[],"class_list":{"0":"post-20646","1":"product","2":"type-product","3":"status-publish","4":"has-post-thumbnail","6":"product_cat-podroz","7":"product_cat-torba-transportowa-dla-psa","8":"pa_kolor-beige","9":"pa_kolor-ecru","10":"pa_kolor-mint","12":"first","13":"instock","14":"taxable","15":"shipping-taxable","16":"purchasable","17":"product-type-simple"},"_links":{"self":[{"href":"https:\/\/pompom.dog\/en\/wp-json\/wp\/v2\/product\/20646","targetHints":{"allow":["GET"]}}],"collection":[{"href":"https:\/\/pompom.dog\/en\/wp-json\/wp\/v2\/product"}],"about":[{"href":"https:\/\/pompom.dog\/en\/wp-json\/wp\/v2\/types\/product"}],"replies":[{"embeddable":true,"href":"https:\/\/pompom.dog\/en\/wp-json\/wp\/v2\/comments?post=20646"}],"wp:featuredmedia":[{"embeddable":true,"href":"https:\/\/pompom.dog\/en\/wp-json\/wp\/v2\/media\/32468"}],"wp:attachment":[{"href":"https:\/\/pompom.dog\/en\/wp-json\/wp\/v2\/media?parent=20646"}],"wp:term":[{"taxonomy":"product_brand","embeddable":true,"href":"https:\/\/pompom.dog\/en\/wp-json\/wp\/v2\/product_brand?post=20646"},{"taxonomy":"product_cat","embeddable":true,"href":"https:\/\/pompom.dog\/en\/wp-json\/wp\/v2\/product_cat?post=20646"},{"taxonomy":"product_tag","embeddable":true,"href":"https:\/\/pompom.dog\/en\/wp-json\/wp\/v2\/product_tag?post=20646"}],"curies":[{"name":"wp","href":"https:\/\/api.w.org\/{rel}","templated":true}]}}