{"id":21385,"date":"2025-08-27T21:05:58","date_gmt":"2025-08-27T21:05:58","guid":{"rendered":"https:\/\/pompom.dog\/?post_type=product&#038;p=21385"},"modified":"2025-09-07T19:06:08","modified_gmt":"2025-09-07T19:06:08","slug":"puszorki-chocolove","status":"publish","type":"product","link":"https:\/\/pompom.dog\/en\/product\/puszorki-chocolove\/","title":{"rendered":"Puszorki CHOCOLOVE"},"content":{"rendered":"<p><strong>Puszorki CHOCOLOVE<\/strong><\/p>\n<p>br\u0105zowy 021023-01<\/p>\n<p>Puszorki z tkaniny wodoodpornej, klasyka w najlepszym wydaniu. Pe\u0142na regulacja. Niesamowicie przyjemny materia\u0142 &#8211; posiada atesty &#8211; barwiony barwnikami bezpiecznymi dla zwierz\u0105t i dzieci.<\/p>\n<p>&nbsp;<\/p>\n<p><strong>SK\u0141AD:<\/strong><\/p>\n<p>G\u0141\u00d3WNA TKANINA<\/p>\n<p>100% poliester<\/p>\n<p>DODATKOWA TKANINA<\/p>\n<p>92% bawe\u0142na<\/p>\n<p>8% elastan<\/p>\n","protected":false},"excerpt":{"rendered":"<p>Puszorki CHOCOLOVE br\u0105zowy 021023-01 Puszorki z tkaniny wodoodpornej, klasyka w najlepszym wydaniu. Pe\u0142na regulacja. Niesamowicie przyjemny materia\u0142 &#8211; posiada atesty &#8211; barwiony barwnikami bezpiecznymi dla zwierz\u0105t i dzieci. &nbsp; SK\u0141AD: G\u0141\u00d3WNA TKANINA 100% poliester DODATKOWA TKANINA 92% bawe\u0142na 8% elastan<\/p>\n","protected":false},"featured_media":31509,"comment_status":"closed","ping_status":"closed","template":"","meta":[],"product_brand":[],"product_cat":[342,343],"product_tag":[],"class_list":{"0":"post-21385","1":"product","2":"type-product","3":"status-publish","4":"has-post-thumbnail","6":"product_cat-akcesoria-dla-psa","7":"product_cat-szelki-dla-psa","8":"pa_kolekcja-chocolove","9":"pa_kolor-brown","10":"pa_rozmiar-m","11":"pa_rozmiar-s","12":"pa_rozmiar-xl","13":"pa_rozmiar-xs","14":"pa_rozmiar-xxs","16":"first","17":"instock","18":"taxable","19":"shipping-taxable","20":"purchasable","21":"product-type-variable"},"_links":{"self":[{"href":"https:\/\/pompom.dog\/en\/wp-json\/wp\/v2\/product\/21385","targetHints":{"allow":["GET"]}}],"collection":[{"href":"https:\/\/pompom.dog\/en\/wp-json\/wp\/v2\/product"}],"about":[{"href":"https:\/\/pompom.dog\/en\/wp-json\/wp\/v2\/types\/product"}],"replies":[{"embeddable":true,"href":"https:\/\/pompom.dog\/en\/wp-json\/wp\/v2\/comments?post=21385"}],"wp:featuredmedia":[{"embeddable":true,"href":"https:\/\/pompom.dog\/en\/wp-json\/wp\/v2\/media\/31509"}],"wp:attachment":[{"href":"https:\/\/pompom.dog\/en\/wp-json\/wp\/v2\/media?parent=21385"}],"wp:term":[{"taxonomy":"product_brand","embeddable":true,"href":"https:\/\/pompom.dog\/en\/wp-json\/wp\/v2\/product_brand?post=21385"},{"taxonomy":"product_cat","embeddable":true,"href":"https:\/\/pompom.dog\/en\/wp-json\/wp\/v2\/product_cat?post=21385"},{"taxonomy":"product_tag","embeddable":true,"href":"https:\/\/pompom.dog\/en\/wp-json\/wp\/v2\/product_tag?post=21385"}],"curies":[{"name":"wp","href":"https:\/\/api.w.org\/{rel}","templated":true}]}}