{"id":21392,"date":"2025-08-27T21:05:59","date_gmt":"2025-08-27T21:05:59","guid":{"rendered":"https:\/\/pompom.dog\/?post_type=product&#038;p=21392"},"modified":"2026-03-24T14:54:11","modified_gmt":"2026-03-24T13:54:11","slug":"puszorki-karmelove","status":"publish","type":"product","link":"https:\/\/pompom.dog\/en\/product\/puszorki-karmelove\/","title":{"rendered":"Puszorki KARMELOVE"},"content":{"rendered":"<p><strong>Puszorki KARMELOVE<\/strong><\/p>\n<p>karmelowy 021023-10<\/p>\n<p>Puszorki z tkaniny wodoodpornej, klasyka w najlepszym wydaniu. Pe\u0142na regulacja. Niesamowicie przyjemny materia\u0142 &#8211; posiada atesty &#8211; barwiony barwnikami bezpiecznymi dla zwierz\u0105t i dzieci.<\/p>\n<p>&nbsp;<\/p>\n<p><strong>SK\u0141AD:<\/strong><\/p>\n<p>G\u0141\u00d3WNA TKANINA<\/p>\n<p>100% poliester<\/p>\n<p>DODATKOWA TKANINA<\/p>\n<p>92% bawe\u0142na<\/p>\n<p>8% elastan<\/p>\n","protected":false},"excerpt":{"rendered":"<p>Puszorki KARMELOVE karmelowy 021023-10 Puszorki z tkaniny wodoodpornej, klasyka w najlepszym wydaniu. Pe\u0142na regulacja. Niesamowicie przyjemny materia\u0142 &#8211; posiada atesty &#8211; barwiony barwnikami bezpiecznymi dla zwierz\u0105t i dzieci. &nbsp; SK\u0141AD: G\u0141\u00d3WNA TKANINA 100% poliester DODATKOWA TKANINA 92% bawe\u0142na 8% elastan<\/p>\n","protected":false},"featured_media":31483,"comment_status":"closed","ping_status":"closed","template":"","meta":[],"product_brand":[],"product_cat":[342,343],"product_tag":[],"class_list":{"0":"post-21392","1":"product","2":"type-product","3":"status-publish","4":"has-post-thumbnail","6":"product_cat-akcesoria-dla-psa","7":"product_cat-szelki-dla-psa","8":"pa_kolekcja-karmelove","9":"pa_kolor-caramel","10":"pa_rozmiar-m","11":"pa_rozmiar-s","12":"pa_rozmiar-xl","13":"pa_rozmiar-xs","14":"pa_rozmiar-xxs","16":"first","17":"instock","18":"taxable","19":"shipping-taxable","20":"purchasable","21":"product-type-variable"},"_links":{"self":[{"href":"https:\/\/pompom.dog\/en\/wp-json\/wp\/v2\/product\/21392","targetHints":{"allow":["GET"]}}],"collection":[{"href":"https:\/\/pompom.dog\/en\/wp-json\/wp\/v2\/product"}],"about":[{"href":"https:\/\/pompom.dog\/en\/wp-json\/wp\/v2\/types\/product"}],"replies":[{"embeddable":true,"href":"https:\/\/pompom.dog\/en\/wp-json\/wp\/v2\/comments?post=21392"}],"wp:featuredmedia":[{"embeddable":true,"href":"https:\/\/pompom.dog\/en\/wp-json\/wp\/v2\/media\/31483"}],"wp:attachment":[{"href":"https:\/\/pompom.dog\/en\/wp-json\/wp\/v2\/media?parent=21392"}],"wp:term":[{"taxonomy":"product_brand","embeddable":true,"href":"https:\/\/pompom.dog\/en\/wp-json\/wp\/v2\/product_brand?post=21392"},{"taxonomy":"product_cat","embeddable":true,"href":"https:\/\/pompom.dog\/en\/wp-json\/wp\/v2\/product_cat?post=21392"},{"taxonomy":"product_tag","embeddable":true,"href":"https:\/\/pompom.dog\/en\/wp-json\/wp\/v2\/product_tag?post=21392"}],"curies":[{"name":"wp","href":"https:\/\/api.w.org\/{rel}","templated":true}]}}