{"id":23704,"date":"2025-08-27T21:30:20","date_gmt":"2025-08-27T21:30:20","guid":{"rendered":"https:\/\/pompom.dog\/?post_type=product&#038;p=23704"},"modified":"2025-11-27T07:18:02","modified_gmt":"2025-11-27T06:18:02","slug":"golf-pink-me","status":"publish","type":"product","link":"https:\/\/pompom.dog\/en\/product\/golf-pink-me\/","title":{"rendered":"Golf PINK ME"},"content":{"rendered":"<p><strong>Golf PINK ME\u00a0<\/strong><\/p>\n<p>r\u00f3\u017cowy 190123-01<\/p>\n<p>Golf surowo wyko\u0144czony z d\u0142u\u017cszymi, w\u0105skimi r\u0119kawkami. Cienki, elastyczny materia\u0142, nie kr\u0119puj\u0105cy ruch\u00f3w pupila. Materia\u0142 u\u017cyty do produkcji, wyprodukowano w Polsce z wysokiej jako\u015bci bawe\u0142ny z atestami, farbowanej bezpiecznymi dla zwierz\u0105t i dzieci barwnikami. Bluza ozdobiona naszywk\u0105 z nazw\u0105 marki.<\/p>\n<p>&nbsp;<\/p>\n<p><strong>SK\u0141AD:<\/strong><\/p>\n<p>G\u0141\u00d3WNA TKANINA<br \/>\n93% bawe\u0142na<br \/>\n7% elastan<\/p>\n","protected":false},"excerpt":{"rendered":"<p>Golf PINK ME\u00a0 r\u00f3\u017cowy 190123-01 Golf surowo wyko\u0144czony z d\u0142u\u017cszymi, w\u0105skimi r\u0119kawkami. Cienki, elastyczny materia\u0142, nie kr\u0119puj\u0105cy ruch\u00f3w pupila. Materia\u0142 u\u017cyty do produkcji, wyprodukowano w Polsce z wysokiej jako\u015bci bawe\u0142ny z atestami, farbowanej bezpiecznymi dla zwierz\u0105t i dzieci barwnikami. Bluza ozdobiona naszywk\u0105 z nazw\u0105 marki. &nbsp; SK\u0141AD: G\u0141\u00d3WNA TKANINA 93% bawe\u0142na 7% elastan<\/p>\n","protected":false},"featured_media":33012,"comment_status":"closed","ping_status":"closed","template":"","meta":[],"product_brand":[],"product_cat":[347,345],"product_tag":[],"class_list":{"0":"post-23704","1":"product","2":"type-product","3":"status-publish","4":"has-post-thumbnail","6":"product_cat-bluzy-dla-psa","7":"product_cat-ubranka-dla-psa","8":"pa_kolor-pink","9":"pa_rozmiar-m","10":"pa_rozmiar-s","11":"pa_rozmiar-xl","12":"pa_rozmiar-xs","14":"first","15":"instock","16":"taxable","17":"shipping-taxable","18":"purchasable","19":"product-type-variable"},"_links":{"self":[{"href":"https:\/\/pompom.dog\/en\/wp-json\/wp\/v2\/product\/23704","targetHints":{"allow":["GET"]}}],"collection":[{"href":"https:\/\/pompom.dog\/en\/wp-json\/wp\/v2\/product"}],"about":[{"href":"https:\/\/pompom.dog\/en\/wp-json\/wp\/v2\/types\/product"}],"replies":[{"embeddable":true,"href":"https:\/\/pompom.dog\/en\/wp-json\/wp\/v2\/comments?post=23704"}],"wp:featuredmedia":[{"embeddable":true,"href":"https:\/\/pompom.dog\/en\/wp-json\/wp\/v2\/media\/33012"}],"wp:attachment":[{"href":"https:\/\/pompom.dog\/en\/wp-json\/wp\/v2\/media?parent=23704"}],"wp:term":[{"taxonomy":"product_brand","embeddable":true,"href":"https:\/\/pompom.dog\/en\/wp-json\/wp\/v2\/product_brand?post=23704"},{"taxonomy":"product_cat","embeddable":true,"href":"https:\/\/pompom.dog\/en\/wp-json\/wp\/v2\/product_cat?post=23704"},{"taxonomy":"product_tag","embeddable":true,"href":"https:\/\/pompom.dog\/en\/wp-json\/wp\/v2\/product_tag?post=23704"}],"curies":[{"name":"wp","href":"https:\/\/api.w.org\/{rel}","templated":true}]}}